{"id":1110,"date":"2022-04-19T11:02:43","date_gmt":"2022-04-19T09:02:43","guid":{"rendered":"http:\/\/artaimconseil.fr\/?page_id=1110"},"modified":"2023-09-11T17:32:51","modified_gmt":"2023-09-11T15:32:51","slug":"apropos","status":"publish","type":"page","link":"https:\/\/artaimconseil.fr\/index.php\/apropos\/","title":{"rendered":"A propos"},"content":{"rendered":"\t\t<div data-elementor-type=\"wp-page\" data-elementor-id=\"1110\" class=\"elementor elementor-1110\" data-elementor-post-type=\"page\">\n\t\t\t\t\t\t<section class=\"elementor-section elementor-top-section elementor-element elementor-element-26ae0106 elementor-section-content-middle elementor-section-boxed elementor-section-height-default elementor-section-height-default\" data-id=\"26ae0106\" data-element_type=\"section\" data-settings=\"{&quot;background_background&quot;:&quot;classic&quot;}\">\n\t\t\t\t\t\t<div class=\"elementor-container elementor-column-gap-no\">\n\t\t\t\t\t<div class=\"elementor-column elementor-col-100 elementor-top-column elementor-element elementor-element-5744f9fd elementor-invisible\" data-id=\"5744f9fd\" data-element_type=\"column\" data-settings=\"{&quot;animation&quot;:&quot;fadeInUp&quot;}\">\n\t\t\t<div class=\"elementor-widget-wrap elementor-element-populated\">\n\t\t\t\t\t\t<div class=\"elementor-element elementor-element-9f22122 elementor-widget elementor-widget-heading\" data-id=\"9f22122\" data-element_type=\"widget\" data-widget_type=\"heading.default\">\n\t\t\t\t<div class=\"elementor-widget-container\">\n\t\t\t\t\t<h2 class=\"elementor-heading-title elementor-size-default\">qui sommes-nous ?<\/h2>\t\t\t\t<\/div>\n\t\t\t\t<\/div>\n\t\t\t\t<div class=\"elementor-element elementor-element-79ddfef elementor-widget-divider--view-line elementor-widget elementor-widget-divider\" data-id=\"79ddfef\" data-element_type=\"widget\" data-widget_type=\"divider.default\">\n\t\t\t\t<div class=\"elementor-widget-container\">\n\t\t\t\t\t\t\t<div class=\"elementor-divider\">\n\t\t\t<span class=\"elementor-divider-separator\">\n\t\t\t\t\t\t<\/span>\n\t\t<\/div>\n\t\t\t\t\t\t<\/div>\n\t\t\t\t<\/div>\n\t\t\t\t<div class=\"elementor-element elementor-element-123793 elementor-widget elementor-widget-heading\" data-id=\"123793\" data-element_type=\"widget\" data-widget_type=\"heading.default\">\n\t\t\t\t<div class=\"elementor-widget-container\">\n\t\t\t\t\t<h4 class=\"elementor-heading-title elementor-size-default\">ARTAIM CONSEIL a \u00e9t\u00e9 cr\u00e9\u00e9e en mars 2012 par Lionel BOURSAUD et Carine MALLIER suite \u00e0 la parution des tarifs d'achat du biom\u00e9thane en injection sur les r\u00e9seaux de gaz (Arr\u00eat\u00e9 minist\u00e9riel du 23 novembre 2011).<\/h4>\t\t\t\t<\/div>\n\t\t\t\t<\/div>\n\t\t\t\t\t<\/div>\n\t\t<\/div>\n\t\t\t\t\t<\/div>\n\t\t<\/section>\n\t\t\t\t<section class=\"elementor-section elementor-top-section elementor-element elementor-element-94bb9b8 elementor-section-boxed elementor-section-height-default elementor-section-height-default\" data-id=\"94bb9b8\" data-element_type=\"section\" id=\"contexte\">\n\t\t\t\t\t\t<div class=\"elementor-container elementor-column-gap-default\">\n\t\t\t\t\t<div class=\"elementor-column elementor-col-100 elementor-top-column elementor-element elementor-element-04afa58\" data-id=\"04afa58\" data-element_type=\"column\">\n\t\t\t<div class=\"elementor-widget-wrap elementor-element-populated\">\n\t\t\t\t\t\t<div class=\"elementor-element elementor-element-dcd3350 elementor-widget elementor-widget-text-editor\" data-id=\"dcd3350\" data-element_type=\"widget\" data-widget_type=\"text-editor.default\">\n\t\t\t\t<div class=\"elementor-widget-container\">\n\t\t\t\t\t\t\t\t\t<p>Notre c\u0153ur de m\u00e9tier est d\u2019accompagner le <b>d\u00e9veloppement de projets de m\u00e9thanisation agricole<\/b> <b>autonomes<\/b>. Ces projets sont bas\u00e9s principalement sur des cultures interm\u00e9diaires \u00e0 vocation \u00e9nerg\u00e9tiques (CIVE) afin de fournir au m\u00e9thaniseur une autonomie alimentaire en utilisant les principes agronomiques de l\u2019<b>agriculture de conservation.<\/b> (<a href=\"https:\/\/fr.wikipedia.org\/wiki\/Agriculture_de_conservation\" target=\"_blank\" rel=\"noopener\">https:\/\/fr.wikipedia.org\/wiki\/Agriculture_de_conservation<\/a>)<\/p>\t\t\t\t\t\t\t\t<\/div>\n\t\t\t\t<\/div>\n\t\t\t\t<div class=\"elementor-element elementor-element-2dd9c7b elementor-widget elementor-widget-text-editor\" data-id=\"2dd9c7b\" data-element_type=\"widget\" data-widget_type=\"text-editor.default\">\n\t\t\t\t<div class=\"elementor-widget-container\">\n\t\t\t\t\t\t\t\t\t<p>La m\u00e9thanisation \u00e9tant au carrefour de nombreux enjeux, nous sommes amen\u00e9s \u00e0 travailler dans les domaines de la valorisation \u00e9nerg\u00e9tique du biogaz, le bio-CO2, l\u2019expertise r\u00e9glementaire etc\u2026<\/p>\t\t\t\t\t\t\t\t<\/div>\n\t\t\t\t<\/div>\n\t\t\t\t<div class=\"elementor-element elementor-element-7ba2975 elementor-align-center elementor-widget elementor-widget-button\" data-id=\"7ba2975\" data-element_type=\"widget\" data-widget_type=\"button.default\">\n\t\t\t\t<div class=\"elementor-widget-container\">\n\t\t\t\t\t\t\t\t\t<div class=\"elementor-button-wrapper\">\n\t\t\t\t\t<a class=\"elementor-button elementor-button-link elementor-size-sm\" href=\"https:\/\/artaimconseil.fr\/index.php\/metha\/\">\n\t\t\t\t\t\t<span class=\"elementor-button-content-wrapper\">\n\t\t\t\t\t\t\t\t\t<span class=\"elementor-button-text\">la m\u00e9thanisation selon artaim<\/span>\n\t\t\t\t\t<\/span>\n\t\t\t\t\t<\/a>\n\t\t\t\t<\/div>\n\t\t\t\t\t\t\t\t<\/div>\n\t\t\t\t<\/div>\n\t\t\t\t\t<\/div>\n\t\t<\/div>\n\t\t\t\t\t<\/div>\n\t\t<\/section>\n\t\t\t\t<section class=\"elementor-section elementor-top-section elementor-element elementor-element-c6b113b elementor-section-full_width elementor-section-height-default elementor-section-height-default\" data-id=\"c6b113b\" data-element_type=\"section\" data-settings=\"{&quot;background_background&quot;:&quot;classic&quot;,&quot;background_motion_fx_motion_fx_scrolling&quot;:&quot;yes&quot;,&quot;background_motion_fx_translateY_effect&quot;:&quot;yes&quot;,&quot;background_motion_fx_translateY_speed&quot;:{&quot;unit&quot;:&quot;px&quot;,&quot;size&quot;:7.3,&quot;sizes&quot;:[]},&quot;background_motion_fx_translateY_affectedRange&quot;:{&quot;unit&quot;:&quot;%&quot;,&quot;size&quot;:&quot;&quot;,&quot;sizes&quot;:{&quot;start&quot;:0,&quot;end&quot;:100}},&quot;background_motion_fx_devices&quot;:[&quot;desktop&quot;,&quot;tablet&quot;,&quot;mobile&quot;]}\">\n\t\t\t\t\t\t<div class=\"elementor-container elementor-column-gap-no\">\n\t\t\t\t\t<div class=\"elementor-column elementor-col-100 elementor-top-column elementor-element elementor-element-ef27267\" data-id=\"ef27267\" data-element_type=\"column\">\n\t\t\t<div class=\"elementor-widget-wrap elementor-element-populated\">\n\t\t\t\t\t\t<div class=\"elementor-element elementor-element-5b88ab6 elementor-widget elementor-widget-spacer\" data-id=\"5b88ab6\" data-element_type=\"widget\" data-widget_type=\"spacer.default\">\n\t\t\t\t<div class=\"elementor-widget-container\">\n\t\t\t\t\t\t\t<div class=\"elementor-spacer\">\n\t\t\t<div class=\"elementor-spacer-inner\"><\/div>\n\t\t<\/div>\n\t\t\t\t\t\t<\/div>\n\t\t\t\t<\/div>\n\t\t\t\t\t<\/div>\n\t\t<\/div>\n\t\t\t\t\t<\/div>\n\t\t<\/section>\n\t\t\t\t<\/div>\n\t\t","protected":false},"excerpt":{"rendered":"<p>qui sommes-nous ? ARTAIM CONSEIL a \u00e9t\u00e9 cr\u00e9\u00e9e en mars 2012 par Lionel BOURSAUD et Carine MALLIER suite \u00e0 la parution des tarifs d&rsquo;achat du biom\u00e9thane en injection sur les r\u00e9seaux de gaz (Arr\u00eat\u00e9 minist\u00e9riel du 23 novembre 2011). Notre c\u0153ur de m\u00e9tier est d\u2019accompagner le d\u00e9veloppement de projets de m\u00e9thanisation agricole autonomes. Ces projets [&hellip;]<\/p>\n","protected":false},"author":1,"featured_media":0,"parent":0,"menu_order":0,"comment_status":"closed","ping_status":"closed","template":"","meta":{"footnotes":""},"class_list":["post-1110","page","type-page","status-publish","hentry"],"yoast_head":"<!-- This site is optimized with the Yoast SEO plugin v24.2 - https:\/\/yoast.com\/wordpress\/plugins\/seo\/ -->\n<title>A propos - Artaim conseil<\/title>\n<meta name=\"description\" content=\"ARTAIM CONSEIL a \u00e9t\u00e9 cr\u00e9\u00e9e en mars 2012 par Lionel BOURSAUD et Carine MALLIER suite \u00e0 la parution des tarifs d\u2019achat du biom\u00e9thane en injection sur les r\u00e9seaux de gaz\" \/>\n<meta name=\"robots\" content=\"index, follow, max-snippet:-1, max-image-preview:large, max-video-preview:-1\" \/>\n<link rel=\"canonical\" href=\"https:\/\/artaimconseil.fr\/index.php\/apropos\/\" \/>\n<meta property=\"og:locale\" content=\"fr_FR\" \/>\n<meta property=\"og:type\" content=\"article\" \/>\n<meta property=\"og:title\" content=\"A propos - Artaim conseil\" \/>\n<meta property=\"og:description\" content=\"ARTAIM CONSEIL a \u00e9t\u00e9 cr\u00e9\u00e9e en mars 2012 par Lionel BOURSAUD et Carine MALLIER suite \u00e0 la parution des tarifs d\u2019achat du biom\u00e9thane en injection sur les r\u00e9seaux de gaz\" \/>\n<meta property=\"og:url\" content=\"https:\/\/artaimconseil.fr\/index.php\/apropos\/\" \/>\n<meta property=\"og:site_name\" content=\"Artaim conseil\" \/>\n<meta property=\"article:modified_time\" content=\"2023-09-11T15:32:51+00:00\" \/>\n<meta name=\"twitter:card\" content=\"summary_large_image\" \/>\n<meta name=\"twitter:label1\" content=\"Dur\u00e9e de lecture estim\u00e9e\" \/>\n\t<meta name=\"twitter:data1\" content=\"1 minute\" \/>\n<script type=\"application\/ld+json\" class=\"yoast-schema-graph\">{\"@context\":\"https:\/\/schema.org\",\"@graph\":[{\"@type\":\"WebPage\",\"@id\":\"https:\/\/artaimconseil.fr\/index.php\/apropos\/\",\"url\":\"https:\/\/artaimconseil.fr\/index.php\/apropos\/\",\"name\":\"A propos - Artaim conseil\",\"isPartOf\":{\"@id\":\"https:\/\/artaimconseil.fr\/#website\"},\"datePublished\":\"2022-04-19T09:02:43+00:00\",\"dateModified\":\"2023-09-11T15:32:51+00:00\",\"description\":\"ARTAIM CONSEIL a \u00e9t\u00e9 cr\u00e9\u00e9e en mars 2012 par Lionel BOURSAUD et Carine MALLIER suite \u00e0 la parution des tarifs d\u2019achat du biom\u00e9thane en injection sur les r\u00e9seaux de gaz\",\"breadcrumb\":{\"@id\":\"https:\/\/artaimconseil.fr\/index.php\/apropos\/#breadcrumb\"},\"inLanguage\":\"fr-FR\",\"potentialAction\":[{\"@type\":\"ReadAction\",\"target\":[\"https:\/\/artaimconseil.fr\/index.php\/apropos\/\"]}]},{\"@type\":\"BreadcrumbList\",\"@id\":\"https:\/\/artaimconseil.fr\/index.php\/apropos\/#breadcrumb\",\"itemListElement\":[{\"@type\":\"ListItem\",\"position\":1,\"name\":\"Accueil\",\"item\":\"https:\/\/artaimconseil.fr\/\"},{\"@type\":\"ListItem\",\"position\":2,\"name\":\"A propos\"}]},{\"@type\":\"WebSite\",\"@id\":\"https:\/\/artaimconseil.fr\/#website\",\"url\":\"https:\/\/artaimconseil.fr\/\",\"name\":\"Artaim conseil\",\"description\":\"D\u00e9veloppement de projets de m\u00e9thanisation agricole autonomes\",\"publisher\":{\"@id\":\"https:\/\/artaimconseil.fr\/#organization\"},\"potentialAction\":[{\"@type\":\"SearchAction\",\"target\":{\"@type\":\"EntryPoint\",\"urlTemplate\":\"https:\/\/artaimconseil.fr\/?s={search_term_string}\"},\"query-input\":{\"@type\":\"PropertyValueSpecification\",\"valueRequired\":true,\"valueName\":\"search_term_string\"}}],\"inLanguage\":\"fr-FR\"},{\"@type\":\"Organization\",\"@id\":\"https:\/\/artaimconseil.fr\/#organization\",\"name\":\"Artaim conseil\",\"url\":\"https:\/\/artaimconseil.fr\/\",\"logo\":{\"@type\":\"ImageObject\",\"inLanguage\":\"fr-FR\",\"@id\":\"https:\/\/artaimconseil.fr\/#\/schema\/logo\/image\/\",\"url\":\"http:\/\/artaimconseil.fr\/wp-content\/uploads\/2022\/04\/logo-artaim-format12x9.png\",\"contentUrl\":\"http:\/\/artaimconseil.fr\/wp-content\/uploads\/2022\/04\/logo-artaim-format12x9.png\",\"width\":1292,\"height\":986,\"caption\":\"Artaim conseil\"},\"image\":{\"@id\":\"https:\/\/artaimconseil.fr\/#\/schema\/logo\/image\/\"}}]}<\/script>\n<!-- \/ Yoast SEO plugin. -->","yoast_head_json":{"title":"A propos - Artaim conseil","description":"ARTAIM CONSEIL a \u00e9t\u00e9 cr\u00e9\u00e9e en mars 2012 par Lionel BOURSAUD et Carine MALLIER suite \u00e0 la parution des tarifs d\u2019achat du biom\u00e9thane en injection sur les r\u00e9seaux de gaz","robots":{"index":"index","follow":"follow","max-snippet":"max-snippet:-1","max-image-preview":"max-image-preview:large","max-video-preview":"max-video-preview:-1"},"canonical":"https:\/\/artaimconseil.fr\/index.php\/apropos\/","og_locale":"fr_FR","og_type":"article","og_title":"A propos - Artaim conseil","og_description":"ARTAIM CONSEIL a \u00e9t\u00e9 cr\u00e9\u00e9e en mars 2012 par Lionel BOURSAUD et Carine MALLIER suite \u00e0 la parution des tarifs d\u2019achat du biom\u00e9thane en injection sur les r\u00e9seaux de gaz","og_url":"https:\/\/artaimconseil.fr\/index.php\/apropos\/","og_site_name":"Artaim conseil","article_modified_time":"2023-09-11T15:32:51+00:00","twitter_card":"summary_large_image","twitter_misc":{"Dur\u00e9e de lecture estim\u00e9e":"1 minute"},"schema":{"@context":"https:\/\/schema.org","@graph":[{"@type":"WebPage","@id":"https:\/\/artaimconseil.fr\/index.php\/apropos\/","url":"https:\/\/artaimconseil.fr\/index.php\/apropos\/","name":"A propos - Artaim conseil","isPartOf":{"@id":"https:\/\/artaimconseil.fr\/#website"},"datePublished":"2022-04-19T09:02:43+00:00","dateModified":"2023-09-11T15:32:51+00:00","description":"ARTAIM CONSEIL a \u00e9t\u00e9 cr\u00e9\u00e9e en mars 2012 par Lionel BOURSAUD et Carine MALLIER suite \u00e0 la parution des tarifs d\u2019achat du biom\u00e9thane en injection sur les r\u00e9seaux de gaz","breadcrumb":{"@id":"https:\/\/artaimconseil.fr\/index.php\/apropos\/#breadcrumb"},"inLanguage":"fr-FR","potentialAction":[{"@type":"ReadAction","target":["https:\/\/artaimconseil.fr\/index.php\/apropos\/"]}]},{"@type":"BreadcrumbList","@id":"https:\/\/artaimconseil.fr\/index.php\/apropos\/#breadcrumb","itemListElement":[{"@type":"ListItem","position":1,"name":"Accueil","item":"https:\/\/artaimconseil.fr\/"},{"@type":"ListItem","position":2,"name":"A propos"}]},{"@type":"WebSite","@id":"https:\/\/artaimconseil.fr\/#website","url":"https:\/\/artaimconseil.fr\/","name":"Artaim conseil","description":"D\u00e9veloppement de projets de m\u00e9thanisation agricole autonomes","publisher":{"@id":"https:\/\/artaimconseil.fr\/#organization"},"potentialAction":[{"@type":"SearchAction","target":{"@type":"EntryPoint","urlTemplate":"https:\/\/artaimconseil.fr\/?s={search_term_string}"},"query-input":{"@type":"PropertyValueSpecification","valueRequired":true,"valueName":"search_term_string"}}],"inLanguage":"fr-FR"},{"@type":"Organization","@id":"https:\/\/artaimconseil.fr\/#organization","name":"Artaim conseil","url":"https:\/\/artaimconseil.fr\/","logo":{"@type":"ImageObject","inLanguage":"fr-FR","@id":"https:\/\/artaimconseil.fr\/#\/schema\/logo\/image\/","url":"http:\/\/artaimconseil.fr\/wp-content\/uploads\/2022\/04\/logo-artaim-format12x9.png","contentUrl":"http:\/\/artaimconseil.fr\/wp-content\/uploads\/2022\/04\/logo-artaim-format12x9.png","width":1292,"height":986,"caption":"Artaim conseil"},"image":{"@id":"https:\/\/artaimconseil.fr\/#\/schema\/logo\/image\/"}}]}},"_links":{"self":[{"href":"https:\/\/artaimconseil.fr\/index.php\/wp-json\/wp\/v2\/pages\/1110","targetHints":{"allow":["GET"]}}],"collection":[{"href":"https:\/\/artaimconseil.fr\/index.php\/wp-json\/wp\/v2\/pages"}],"about":[{"href":"https:\/\/artaimconseil.fr\/index.php\/wp-json\/wp\/v2\/types\/page"}],"author":[{"embeddable":true,"href":"https:\/\/artaimconseil.fr\/index.php\/wp-json\/wp\/v2\/users\/1"}],"replies":[{"embeddable":true,"href":"https:\/\/artaimconseil.fr\/index.php\/wp-json\/wp\/v2\/comments?post=1110"}],"version-history":[{"count":3,"href":"https:\/\/artaimconseil.fr\/index.php\/wp-json\/wp\/v2\/pages\/1110\/revisions"}],"predecessor-version":[{"id":1311,"href":"https:\/\/artaimconseil.fr\/index.php\/wp-json\/wp\/v2\/pages\/1110\/revisions\/1311"}],"wp:attachment":[{"href":"https:\/\/artaimconseil.fr\/index.php\/wp-json\/wp\/v2\/media?parent=1110"}],"curies":[{"name":"wp","href":"https:\/\/api.w.org\/{rel}","templated":true}]}}