{"id":1316,"date":"2023-11-06T11:11:13","date_gmt":"2023-11-06T10:11:13","guid":{"rendered":"https:\/\/artaimconseil.fr\/?page_id=1316"},"modified":"2023-11-06T11:11:13","modified_gmt":"2023-11-06T10:11:13","slug":"mentions-legales","status":"publish","type":"page","link":"https:\/\/artaimconseil.fr\/index.php\/mentions-legales\/","title":{"rendered":"MENTIONS L\u00c9GALES"},"content":{"rendered":"\n<p>Conform\u00e9ment aux dispositions de l&rsquo;article 6 III-1 de la loi n\u00b0 2004-575 du 21 juin 2004 pour la confiance dans l&rsquo;\u00e9conomie num\u00e9rique, cette page reprend les mentions l\u00e9gales et conditions g\u00e9n\u00e9rales d&rsquo;utilisation du site.<\/p>\n\n\n\n<p>Site officiel d\u2019ARTAIM CONSEIL<br>Adresse : ARTAIM CONSEIL<br>99, route des Vall\u00e9es<br>10400 Montpothier<br>T\u00e9l.: 09 72 97 86 47<\/p>\n\n\n\n<p><strong><u>DIRECTEUR DE LA PUBLICATION<\/u><\/strong><\/p>\n\n\n\n<p>La directrice de la publication du site web est Madame Carine MALLIER , en qualit\u00e9 de G\u00e9rante d\u2019ARTAIM CONSEIL.<\/p>\n\n\n\n<p><strong><u>CONCEPTION ET R\u00c9ALISATION<\/u><\/strong><\/p>\n\n\n\n<p>Agence Akatsuki, communication &amp; relations publiques &#8211;\u00a0<a href=\"http:\/\/www.agence-akatsuki.fr\/\">www.agence-akatsuki.fr<\/a><br>CD atelier graphique &#8211;\u00a0<a href=\"http:\/\/www.cd-ateliergraphique.fr\/\">www.cd-ateliergraphique.fr<\/a><br>ARTAIM CONSEIL (photographies)\u00a0<\/p>\n\n\n\n<p><strong><u>H\u00c9BERGEMENT<\/u><\/strong><\/p>\n\n\n\n<p>Le site\u00a0<a href=\"https:\/\/artaimconseil.fr\">www.artaimconseil.fr<\/a>\u00a0est h\u00e9berg\u00e9 chez OVH.<br>2 rue Kellermann<br>59 100 Roubaix<br>France<\/p>\n\n\n\n<p><strong><u>RESPONSABLE DU TRAITEMENT<\/u><\/strong><\/p>\n\n\n\n<p>ARTAIM CONSEIL<br>99, route des Vall\u00e9es<br>10400 Montpothier<br>T\u00e9l.: 09 72 97 86 47<\/p>\n\n\n\n<p><strong><u>COMMENTAIRES, REMARQUES et SUGGESTIONS<\/u><\/strong><\/p>\n\n\n\n<p>ARTAIM CONSEIL ne garantit pas que ce site soit exempt de d\u00e9faut, d\u2019erreur ou d\u2019omission. L\u2019information qui y est contenue est destin\u00e9e \u00e0 vous apporter des indications g\u00e9n\u00e9rales et les mieux actualis\u00e9es possibles sur les sujets trait\u00e9s.<\/p>\n\n\n\n<p>ARTAIM CONSEIL ne saurait en aucun cas \u00eatre tenu responsable des \u00e9ventuels d\u00e9fauts, erreurs ou omissions existant dans ce site, ni de l\u2019utilisation et de l\u2019interpr\u00e9tation de l\u2019information qu\u2019il contient.<\/p>\n\n\n\n<p>La pr\u00e9sente clause de r\u00e9serve juridique n\u2019a pas pour objet de limiter la responsabilit\u00e9 d\u2019ARTAIM CONSEIL de mani\u00e8re contraire \u00e0 la l\u00e9gislation nationale applicable ni de l\u2019exclure dans les cas o\u00f9 elle peut \u00eatre engag\u00e9e en vertu de ladite l\u00e9gislation.<\/p>\n\n\n\n<p><strong><u>ETABLISSMENT DE LIEN VERS LE SITE <a href=\"https:\/\/artaimconseil.fr\">https:\/\/artaimconseil.fr<\/a><\/u><\/strong><\/p>\n\n\n\n<p>Le site d\u2019ARTAIM CONSEIL autorise tout site Internet ou tout autre support \u00e0 le citer ou \u00e0 mettre en place un lien hypertexte pointant vers son contenu, sous r\u00e9serve :<\/p>\n\n\n\n<ul class=\"wp-block-list\">\n<li>que la page atteinte ne soit pas imbriqu\u00e9e \u00e0 l\u2019int\u00e9rieur d\u2019autres pages, en particulier par voie de cadre (ou \u00ab frames \u00bb) c\u2019est-\u00e0-dire que les pages du site https:\/\/artaimconseil.fr ne soient pas imbriqu\u00e9es \u00e0 l\u2019int\u00e9rieur des pages d\u2019un autre site, mais accessibles par l\u2019ouverture d\u2019une fen\u00eatre,<\/li>\n\n\n\n<li>de mentionner la source (portail du <a href=\"https:\/\/artaimconseil.fr\">https:\/\/artaimconseil.fr<\/a>) pour chaque lien, en particulier lorsqu\u2019il s\u2019agit d\u2019un lien direct sur un contenu,<\/li>\n\n\n\n<li>que l\u2019acc\u00e8s aux pages contenant ces liens vers le site https:\/\/artaimconseil.fr soit gratuit. Cette autorisation ne s\u2019applique pas aux sites diffusant des informations \u00e0 caract\u00e8re pol\u00e9mique, pornographique, x\u00e9nophobe ou pouvant, dans une plus large mesure porter atteinte \u00e0 la sensibilit\u00e9 du plus grand nombre.<\/li>\n<\/ul>\n\n\n\n<p>ARTAIM CONSEIL se r\u00e9serve le droit de demander la suppression d\u2019un lien qu\u2019elle estime non conforme \u00e0 sa ligne \u00e9ditoriale.<\/p>\n\n\n\n<p><strong><u>ETABLISSEMENT DE LIENS VERS DES SITES TIERS<\/u><\/strong><\/p>\n\n\n\n<p>ARTAIM CONSEIL n\u2019est pas responsable des contenus des sites tiers vers lesquels sont \u00e9tablis des liens depuis son site.<\/p>\n\n\n\n<p><strong><u>DROITS D\u2019AUTEURS et PROPRIETE INTELLECTUELLE<\/u><\/strong><\/p>\n\n\n\n<p>Le pr\u00e9sent site constitue une \u0153uvre dont ARTAIM CONSEIL est l\u2019auteur au sens des articles L.111-1 et suivants du Code de la propri\u00e9t\u00e9 intellectuelle.<\/p>\n\n\n\n<p>Sauf autorisation \u00e9crite ARTAIM CONSEIL, toute utilisation des \u0153uvres autres que la reproduction et la consultation individuelles et priv\u00e9es, conformes \u00e0 l\u2019article L.122-5 du Code de la propri\u00e9t\u00e9 intellectuelle, est interdite. En aucun cas, ces reproductions ne sauraient porter pr\u00e9judice aux droits des tiers.<\/p>\n\n\n\n<p><strong><u>CR\u00c9DITS PHOTOGRAPHIQUES<\/u><\/strong><\/p>\n\n\n\n<p>Toutes les photographies pr\u00e9sent\u00e9es sur ce site sont prot\u00e9g\u00e9es par le Code de la propri\u00e9t\u00e9 intellectuelle et artistique. Certaines peuvent \u00eatre reproduites \u00e0 condition d\u2019avoir obtenu l\u2019autorisation \u00e9crite ARTAIM CONSEIL et d\u2019en indiquer l\u2019auteur et la source.<\/p>\n\n\n\n<p>Ces demandes doivent \u00eatre adress\u00e9e \u00e0 :<\/p>\n\n\n\n<p>ARTAIM CONSEIL<br>99, route des Vall\u00e9es<br>10400 Montpothier<br>T\u00e9l.: 09 72 97 86 47<\/p>\n\n\n\n<p>Sauf directement sp\u00e9cifi\u00e9 sous les photos du site, les cr\u00e9dits photographiques sont : ARTAIM CONSEIL.<\/p>\n\n\n\n<p><strong><u>DONN\u00c9ES PERSONNELLES<\/u><\/strong><\/p>\n\n\n\n<p>ARTAIM CONSEIL s\u2019engage \u00e0 ce que la collecte et le traitement de vos donn\u00e9es, effectu\u00e9s \u00e0 partir du site https:\/\/artaimconseil.fr, soient conformes \u00e0 la loi Informatique et Libert\u00e9s. Chaque formulaire ou t\u00e9l\u00e9service limite la collecte des donn\u00e9es personnelles au strict n\u00e9cessaire et indique clairement :<\/p>\n\n\n\n<ul class=\"wp-block-list\">\n<li>l\u2019objectif du recueil de ces donn\u00e9es (finalit\u00e9) ;<\/li>\n\n\n\n<li>si ces donn\u00e9es sont obligatoires ou facultatives pour la gestion de votre demande ;<\/li>\n\n\n\n<li>qui pourra en prendre connaissance (uniquement ARTAIM CONSEIL en principe, sauf pr\u00e9cision contraire dans le formulaire de saisie lorsqu\u2019une transmission \u00e0 un tiers est strictement n\u00e9cessaire pour la gestion de votre demande) ;<\/li>\n\n\n\n<li>vos droits \u00ab Informatique et Libert\u00e9s \u00bb (droits d\u2019opposition et d\u2019acc\u00e8s, de rectification) et la fa\u00e7on de les exercer aupr\u00e8s du ARTAIM CONSEIL.<\/li>\n<\/ul>\n\n\n\n<p>Les donn\u00e9es personnelles recueillies dans le cadre des services propos\u00e9s sur le site <a href=\"https:\/\/artaimconseil.fr\">https:\/\/artaimconseil.fr<\/a> sont transmises et conserv\u00e9es selon des protocoles s\u00e9curis\u00e9s ; elles ne sont pas conserv\u00e9es au-del\u00e0 de la dur\u00e9e n\u00e9cessaire aux traitements impact\u00e9s. ARTAIM CONSEIL dispose de moyens informatiques permettant la gestion des demandes qu\u2019elle re\u00e7oit, notamment, \u00e0 partir des t\u00e9l\u00e9services propos\u00e9s sur le site internet <a href=\"https:\/\/artaimconseil.fr\">https:\/\/artaimconseil.fr<\/a>. Pour toutes informations \u00e0 ce sujet ou exercice de vos droits\u00a0\u00a0\u00a0\u00a0\u00a0\u00ab Informatique et Libert\u00e9s \u00bb vous pouvez nous contacter :<br>par courrier \u00e0 :<br>ARTAIM CONSEIL<br>99, route des Vall\u00e9es<br>10400 Montpothier<\/p>\n","protected":false},"excerpt":{"rendered":"<p>Conform\u00e9ment aux dispositions de l&rsquo;article 6 III-1 de la loi n\u00b0 2004-575 du 21 juin 2004 pour la confiance dans l&rsquo;\u00e9conomie num\u00e9rique, cette page reprend les mentions l\u00e9gales et conditions g\u00e9n\u00e9rales d&rsquo;utilisation du site. Site officiel d\u2019ARTAIM CONSEILAdresse : ARTAIM CONSEIL99, route des Vall\u00e9es10400 MontpothierT\u00e9l.: 09 72 97 86 47 DIRECTEUR DE LA PUBLICATION La [&hellip;]<\/p>\n","protected":false},"author":1,"featured_media":0,"parent":0,"menu_order":0,"comment_status":"closed","ping_status":"closed","template":"","meta":{"footnotes":""},"class_list":["post-1316","page","type-page","status-publish","hentry"],"yoast_head":"<!-- This site is optimized with the Yoast SEO plugin v24.2 - https:\/\/yoast.com\/wordpress\/plugins\/seo\/ -->\n<title>MENTIONS L\u00c9GALES - Artaim conseil<\/title>\n<meta name=\"robots\" content=\"index, follow, max-snippet:-1, max-image-preview:large, max-video-preview:-1\" \/>\n<link rel=\"canonical\" href=\"https:\/\/artaimconseil.fr\/index.php\/mentions-legales\/\" \/>\n<meta property=\"og:locale\" content=\"fr_FR\" \/>\n<meta property=\"og:type\" content=\"article\" \/>\n<meta property=\"og:title\" content=\"MENTIONS L\u00c9GALES - Artaim conseil\" \/>\n<meta property=\"og:description\" content=\"Conform\u00e9ment aux dispositions de l&rsquo;article 6 III-1 de la loi n\u00b0 2004-575 du 21 juin 2004 pour la confiance dans l&rsquo;\u00e9conomie num\u00e9rique, cette page reprend les mentions l\u00e9gales et conditions g\u00e9n\u00e9rales d&rsquo;utilisation du site. Site officiel d\u2019ARTAIM CONSEILAdresse : ARTAIM CONSEIL99, route des Vall\u00e9es10400 MontpothierT\u00e9l.: 09 72 97 86 47 DIRECTEUR DE LA PUBLICATION La [&hellip;]\" \/>\n<meta property=\"og:url\" content=\"https:\/\/artaimconseil.fr\/index.php\/mentions-legales\/\" \/>\n<meta property=\"og:site_name\" content=\"Artaim conseil\" \/>\n<meta name=\"twitter:card\" content=\"summary_large_image\" \/>\n<meta name=\"twitter:label1\" content=\"Dur\u00e9e de lecture estim\u00e9e\" \/>\n\t<meta name=\"twitter:data1\" content=\"4 minutes\" \/>\n<script type=\"application\/ld+json\" class=\"yoast-schema-graph\">{\"@context\":\"https:\/\/schema.org\",\"@graph\":[{\"@type\":\"WebPage\",\"@id\":\"https:\/\/artaimconseil.fr\/index.php\/mentions-legales\/\",\"url\":\"https:\/\/artaimconseil.fr\/index.php\/mentions-legales\/\",\"name\":\"MENTIONS L\u00c9GALES - Artaim conseil\",\"isPartOf\":{\"@id\":\"https:\/\/artaimconseil.fr\/#website\"},\"datePublished\":\"2023-11-06T10:11:13+00:00\",\"dateModified\":\"2023-11-06T10:11:13+00:00\",\"breadcrumb\":{\"@id\":\"https:\/\/artaimconseil.fr\/index.php\/mentions-legales\/#breadcrumb\"},\"inLanguage\":\"fr-FR\",\"potentialAction\":[{\"@type\":\"ReadAction\",\"target\":[\"https:\/\/artaimconseil.fr\/index.php\/mentions-legales\/\"]}]},{\"@type\":\"BreadcrumbList\",\"@id\":\"https:\/\/artaimconseil.fr\/index.php\/mentions-legales\/#breadcrumb\",\"itemListElement\":[{\"@type\":\"ListItem\",\"position\":1,\"name\":\"Accueil\",\"item\":\"https:\/\/artaimconseil.fr\/\"},{\"@type\":\"ListItem\",\"position\":2,\"name\":\"MENTIONS L\u00c9GALES\"}]},{\"@type\":\"WebSite\",\"@id\":\"https:\/\/artaimconseil.fr\/#website\",\"url\":\"https:\/\/artaimconseil.fr\/\",\"name\":\"Artaim conseil\",\"description\":\"D\u00e9veloppement de projets de m\u00e9thanisation agricole autonomes\",\"publisher\":{\"@id\":\"https:\/\/artaimconseil.fr\/#organization\"},\"potentialAction\":[{\"@type\":\"SearchAction\",\"target\":{\"@type\":\"EntryPoint\",\"urlTemplate\":\"https:\/\/artaimconseil.fr\/?s={search_term_string}\"},\"query-input\":{\"@type\":\"PropertyValueSpecification\",\"valueRequired\":true,\"valueName\":\"search_term_string\"}}],\"inLanguage\":\"fr-FR\"},{\"@type\":\"Organization\",\"@id\":\"https:\/\/artaimconseil.fr\/#organization\",\"name\":\"Artaim conseil\",\"url\":\"https:\/\/artaimconseil.fr\/\",\"logo\":{\"@type\":\"ImageObject\",\"inLanguage\":\"fr-FR\",\"@id\":\"https:\/\/artaimconseil.fr\/#\/schema\/logo\/image\/\",\"url\":\"http:\/\/artaimconseil.fr\/wp-content\/uploads\/2022\/04\/logo-artaim-format12x9.png\",\"contentUrl\":\"http:\/\/artaimconseil.fr\/wp-content\/uploads\/2022\/04\/logo-artaim-format12x9.png\",\"width\":1292,\"height\":986,\"caption\":\"Artaim conseil\"},\"image\":{\"@id\":\"https:\/\/artaimconseil.fr\/#\/schema\/logo\/image\/\"}}]}<\/script>\n<!-- \/ Yoast SEO plugin. -->","yoast_head_json":{"title":"MENTIONS L\u00c9GALES - Artaim conseil","robots":{"index":"index","follow":"follow","max-snippet":"max-snippet:-1","max-image-preview":"max-image-preview:large","max-video-preview":"max-video-preview:-1"},"canonical":"https:\/\/artaimconseil.fr\/index.php\/mentions-legales\/","og_locale":"fr_FR","og_type":"article","og_title":"MENTIONS L\u00c9GALES - Artaim conseil","og_description":"Conform\u00e9ment aux dispositions de l&rsquo;article 6 III-1 de la loi n\u00b0 2004-575 du 21 juin 2004 pour la confiance dans l&rsquo;\u00e9conomie num\u00e9rique, cette page reprend les mentions l\u00e9gales et conditions g\u00e9n\u00e9rales d&rsquo;utilisation du site. Site officiel d\u2019ARTAIM CONSEILAdresse : ARTAIM CONSEIL99, route des Vall\u00e9es10400 MontpothierT\u00e9l.: 09 72 97 86 47 DIRECTEUR DE LA PUBLICATION La [&hellip;]","og_url":"https:\/\/artaimconseil.fr\/index.php\/mentions-legales\/","og_site_name":"Artaim conseil","twitter_card":"summary_large_image","twitter_misc":{"Dur\u00e9e de lecture estim\u00e9e":"4 minutes"},"schema":{"@context":"https:\/\/schema.org","@graph":[{"@type":"WebPage","@id":"https:\/\/artaimconseil.fr\/index.php\/mentions-legales\/","url":"https:\/\/artaimconseil.fr\/index.php\/mentions-legales\/","name":"MENTIONS L\u00c9GALES - Artaim conseil","isPartOf":{"@id":"https:\/\/artaimconseil.fr\/#website"},"datePublished":"2023-11-06T10:11:13+00:00","dateModified":"2023-11-06T10:11:13+00:00","breadcrumb":{"@id":"https:\/\/artaimconseil.fr\/index.php\/mentions-legales\/#breadcrumb"},"inLanguage":"fr-FR","potentialAction":[{"@type":"ReadAction","target":["https:\/\/artaimconseil.fr\/index.php\/mentions-legales\/"]}]},{"@type":"BreadcrumbList","@id":"https:\/\/artaimconseil.fr\/index.php\/mentions-legales\/#breadcrumb","itemListElement":[{"@type":"ListItem","position":1,"name":"Accueil","item":"https:\/\/artaimconseil.fr\/"},{"@type":"ListItem","position":2,"name":"MENTIONS L\u00c9GALES"}]},{"@type":"WebSite","@id":"https:\/\/artaimconseil.fr\/#website","url":"https:\/\/artaimconseil.fr\/","name":"Artaim conseil","description":"D\u00e9veloppement de projets de m\u00e9thanisation agricole autonomes","publisher":{"@id":"https:\/\/artaimconseil.fr\/#organization"},"potentialAction":[{"@type":"SearchAction","target":{"@type":"EntryPoint","urlTemplate":"https:\/\/artaimconseil.fr\/?s={search_term_string}"},"query-input":{"@type":"PropertyValueSpecification","valueRequired":true,"valueName":"search_term_string"}}],"inLanguage":"fr-FR"},{"@type":"Organization","@id":"https:\/\/artaimconseil.fr\/#organization","name":"Artaim conseil","url":"https:\/\/artaimconseil.fr\/","logo":{"@type":"ImageObject","inLanguage":"fr-FR","@id":"https:\/\/artaimconseil.fr\/#\/schema\/logo\/image\/","url":"http:\/\/artaimconseil.fr\/wp-content\/uploads\/2022\/04\/logo-artaim-format12x9.png","contentUrl":"http:\/\/artaimconseil.fr\/wp-content\/uploads\/2022\/04\/logo-artaim-format12x9.png","width":1292,"height":986,"caption":"Artaim conseil"},"image":{"@id":"https:\/\/artaimconseil.fr\/#\/schema\/logo\/image\/"}}]}},"_links":{"self":[{"href":"https:\/\/artaimconseil.fr\/index.php\/wp-json\/wp\/v2\/pages\/1316","targetHints":{"allow":["GET"]}}],"collection":[{"href":"https:\/\/artaimconseil.fr\/index.php\/wp-json\/wp\/v2\/pages"}],"about":[{"href":"https:\/\/artaimconseil.fr\/index.php\/wp-json\/wp\/v2\/types\/page"}],"author":[{"embeddable":true,"href":"https:\/\/artaimconseil.fr\/index.php\/wp-json\/wp\/v2\/users\/1"}],"replies":[{"embeddable":true,"href":"https:\/\/artaimconseil.fr\/index.php\/wp-json\/wp\/v2\/comments?post=1316"}],"version-history":[{"count":1,"href":"https:\/\/artaimconseil.fr\/index.php\/wp-json\/wp\/v2\/pages\/1316\/revisions"}],"predecessor-version":[{"id":1317,"href":"https:\/\/artaimconseil.fr\/index.php\/wp-json\/wp\/v2\/pages\/1316\/revisions\/1317"}],"wp:attachment":[{"href":"https:\/\/artaimconseil.fr\/index.php\/wp-json\/wp\/v2\/media?parent=1316"}],"curies":[{"name":"wp","href":"https:\/\/api.w.org\/{rel}","templated":true}]}}